{"id":129,"date":"2021-04-05T10:13:11","date_gmt":"2021-04-05T08:13:11","guid":{"rendered":"http:\/\/campingconsulting.fr\/TourConsWP\/?page_id=129"},"modified":"2025-12-18T18:37:09","modified_gmt":"2025-12-18T17:37:09","slug":"contact","status":"publish","type":"page","link":"https:\/\/campingconsulting.fr\/index.php\/contact\/","title":{"rendered":"CONTACT"},"content":{"rendered":"\n<figure class=\"wp-block-image\"><img loading=\"lazy\" decoding=\"async\" width=\"1024\" height=\"372\" src=\"http:\/\/campingconsulting.fr\/TourConsWP\/wp-content\/uploads\/2021\/05\/CONTACT_4-1024x372.jpg\" alt=\"\" class=\"wp-image-283\" srcset=\"https:\/\/campingconsulting.fr\/wp-content\/uploads\/2021\/05\/CONTACT_4-1024x372.jpg 1024w, https:\/\/campingconsulting.fr\/wp-content\/uploads\/2021\/05\/CONTACT_4-300x109.jpg 300w, https:\/\/campingconsulting.fr\/wp-content\/uploads\/2021\/05\/CONTACT_4-768x279.jpg 768w, https:\/\/campingconsulting.fr\/wp-content\/uploads\/2021\/05\/CONTACT_4.jpg 1920w\" sizes=\"auto, (max-width: 1024px) 100vw, 1024px\" \/><\/figure>\n\n\n<p style=\"text-align: center;\"><strong>JEAN PIERRE GARBACZ<\/strong><br \/>23 rue Emmanuel Berl<br \/>19400 ARGENTAT sur DORDOGNE<\/p>\n<p style=\"text-align: center;\">T\u00e9l: 06 08 33 33 87 &#8211; jpg@campingconsulting.fr<\/p>\n<p style=\"text-align: center;\">&#8211; Gestionnaire de campings pendant 20 ans<br \/>&#8211; Membre du comit\u00e9 de pilotage d\u2019une grande franchise de camping pendant plusieurs ann\u00e9es.<br \/>&#8211; Pr\u00e9sident de la F\u00e9d\u00e9ration HPA71 pendant 7ans<br \/>&#8211; Membre du bureau de l\u2019ADT 71 pendant 7 ans<br \/><br \/><\/p>\n<p style=\"text-align: center;\">Je connais bien les probl\u00e9matiques des gens de terrain.<\/p>\n<p style=\"text-align: center;\">Je sais ce que veut dire prendre des risques avec son argent.<\/p>\n<p style=\"text-align: center;\">On me dit r\u00e9aliste, pragmatique, objectif, clairvoyant et honn\u00eate.<\/p>\n<p style=\"text-align: center;\">La r\u00e9ponse \u00e0 vos besoins sp\u00e9cifiques est ma priorit\u00e9.<\/p>\n<p style=\"text-align: center;\"><strong>COMMENT \u00c7A MARCHE ?<\/strong><br \/>La g\u00e9n\u00e9ration sans contact, ce n\u2019est pas chez moi !<\/p>\n<p style=\"text-align: center;\">Pas d\u2019appli, pas de syst\u00e8me complexe.<br \/>Vous commencez par m\u2019appeler et on parle de vous, de vos soucis, de vos projets, de votre vie de gestionnaire de camping.<br \/><span style=\"color: #333399;\"><strong>Mon portable : 06.08.33.33.87.<\/strong><\/span><\/p>\n<p style=\"text-align: center;\">Nous d\u00e9finissons ensemble les axes sur lesquels on va travailler et ceux qui sont votre domaine r\u00e9serv\u00e9.<br \/>Vous avez un souci au cours de la saison ?<br \/>Appelez-moi, votre cas que vous croyez unique a surement \u00e9t\u00e9 r\u00e9solu ailleurs.<br \/>Je me d\u00e9place sur votre terrain pour une \u00e9tude plus compl\u00e8te si vous avez besoin d\u2019un avis.<br \/>Je suis disponible 7 jours sur 7 de 8h \u00e0 21h 00.<\/p>\n<p style=\"text-align: center;\"><em>Mentions l\u00e9gales<\/em><br \/><em>EI CampingConsulting<\/em><br \/><em>Rcs : Brive<\/em><br \/><em>Siret : 491 941 896 000 39<\/em><br \/><em>Responsable de la publication : Garbacz Jean Pierre<\/em><br \/><em>H\u00e9bergement : Online.net<\/em><\/p>\n<p><strong>Donn\u00e9es \u00e0 caract\u00e8re personnel<\/strong><\/p>\n<p>La protection des donn\u00e9es personnelles est un droit fondamental reconnu par l&rsquo;Union Europ\u00e9enne. Les principes et les r\u00e8gles r\u00e9gissant ce droit son transcrits dans le R\u00e9glement G\u00e9neral pour la Protection des Donn\u00e9es Personnelles, dit RGPD, qui s&rsquo;applique \u00e0 tout citoyen europ\u00e9en depuis le 25 Mai 2018. Nous faisons notre possible pour \u00eatre en conformit\u00e9 avec ce r\u00e8glement, qui vous garantit un traitement transparent et maitris\u00e9 de vos donn\u00e9es. Ainsi, nous ne collectons que les donn\u00e9es n\u00e9cessaires, \u00e0 l&rsquo;exclusion de toute donn\u00e9e sensible. Vous disposez d\u2019un droit d\u2019acc\u00e8s, de rectification et d\u2019opposition aux donn\u00e9es personnelles vous concernant. Vous pouvez en faire la demande par le formulaire de contact en indiquant vos nom, pr\u00e9nom et adresse e-mail.<\/p>\n<p>Transmission de donn\u00e9es \u00e0 des tiers<\/p>\n<p>Sur la base des obligations l\u00e9gales, vos donn\u00e9es personnelles pourront \u00eatre divulgu\u00e9es en application d&rsquo;une loi, d&rsquo;un r\u00e8glement ou en vertu d&rsquo;une d\u00e9cision d&rsquo;une autorit\u00e9 r\u00e9glementaire ou judiciaire comp\u00e9tente. De mani\u00e8re g\u00e9n\u00e9rale, nous nous engageons \u00e0 nous conformer \u00e0 toutes les r\u00e8gles l\u00e9gales qui pourraient emp\u00eacher, limiter ou r\u00e9glementer la diffusion d\u2019informations ou de donn\u00e9es et notamment \u00e0 se conformer \u00e0 la Loi n\u00b0 78-17 du 6 janvier 1978 relative \u00e0 l&rsquo;informatique, aux fichiers et aux libert\u00e9s. Vos donn\u00e9es peuvent \u00eatre communiqu\u00e9es \u00e0 des partenaires ou a des fournisseurs travaillant avec nous pour la r\u00e9alisation des produits et services que nous commercialisons.<\/p>\n<p>R\u00e9utilisation des donn\u00e9es personnelles collect\u00e9es<\/p>\n<p>Vos donn\u00e9es peuvent \u00eatre r\u00e9utilis\u00e9es pour effectuer des op\u00e9rations ult\u00e9rieures relatives \u00e0 la gestion de votre compte (nouvelle commande, suivi, service apr\u00e8s-vente,) ou des op\u00e9rations relatives \u00e0 la prospection commerciale (marketing, fid\u00e9lisation, sondage, jeux concours, &#8230;)<\/p>\n<p>Dur\u00e9e de stockage de vos donn\u00e9es<\/p>\n<p>Si vous laissez un commentaire, le commentaire et ses m\u00e9tadonn\u00e9es sont conserv\u00e9s ind\u00e9finiment. Cela permet de reconna\u00eetre et approuver automatiquement les commentaires suivants au lieu de les laisser dans la file de mod\u00e9ration. Pour les utilisateurs qui s\u2019enregistrent sur notre site, nous stockons \u00e9galement les donn\u00e9es personnelles indiqu\u00e9es dans leur profil. Vous pouvez voir, modifier ou supprimer vos informations personnelles \u00e0 tout moment (\u00e0 l\u2019exception de votre nom d\u2019utilisateur). Les gestionnaires du site peuvent aussi voir et modifier ces informations. Au del\u00e0 de 3 ans d&rsquo;inactivit\u00e9, votre compte est susceptible d&rsquo;\u00eatre supprim\u00e9.<\/p>\n<p>S\u00e9curit\u00e9 des donn\u00e9es transmises<\/p>\n<p>Notre site est globalement prot\u00e9g\u00e9 par une technologie de cryptage SSL. Il vous appartient de prendre toutes mesures appropri\u00e9es de nature \u00e0 prot\u00e9ger vos propres donn\u00e9es et logiciels de la contamination par d&rsquo;\u00e9ventuels \u00ab\u00a0virus\u00a0\u00bb informatiques. Nous ne pourrons en aucun cas \u00eatre tenus pour responsables d\u2019\u00e9ventuels dommages susceptibles d\u2019en d\u00e9couler, tels que la perte de donn\u00e9es ou la d\u00e9t\u00e9rioration de votre mat\u00e9riel informatique.<\/p>\n<p>Cookies<\/p>\n<p>Les cookies enregistrent certaines informations qui sont stock\u00e9es dans la m\u00e9moire de votre disque dur. En aucun cas, les cookies ne contiennent des informations confidentielles comme le nom, le num\u00e9ro de carte&#8230;, mais nous permettent de garder en m\u00e9moire les articles s\u00e9lectionn\u00e9s lors de votre visite. En parcourant notre site, vous acceptez que le syst\u00e8me d\u2019enregistrement des cookies soit activ\u00e9.<\/p>\n<p>La dur\u00e9e de vie d\u2019un cookie de connexion est de deux jours, celle d\u2019un cookie d\u2019option d\u2019\u00e9cran est d\u2019un an. Si vous cochez \u00ab Se souvenir de moi \u00bb, votre cookie de connexion sera conserv\u00e9 pendant deux semaines. Si vous vous d\u00e9connectez de votre compte, le cookie de connexion sera effac\u00e9.<\/p>\n<p>Vous pouvez \u00e0 tout moment \u00e9liminer nos cookies de votre disque dur sans accord quelconque de notre part. Votre navigation sera simplement un peu moins ais\u00e9e la fois suivante.<\/p>\n<p>Confidentialit\u00e9 du mot de passe et de vos donn\u00e9es<\/p>\n<p>Nous ne pourrons pas \u00eatre tenus pour responsables des atteintes \u00e0 la confidentialit\u00e9 de vos mots de passe et identifiants, et de toutes cons\u00e9quences dommageables qui pourraient en d\u00e9couler. Vous \u00eates seul responsable de la confidentialit\u00e9 du mot de passe n\u00e9cessaire pour s\u2019identifier sur notre site et devez prendre toutes les mesures appropri\u00e9es afin d\u2019\u00e9viter que des tiers puissent en avoir connaissance. Toute action faite gr\u00e2ce au mot de passe et \u00e0 l\u2019identifiant en cours de validit\u00e9 associ\u00e9 \u00e0 votre compte utilisateur vous engage, \u00e0 moins de ne d\u00e9montrer que l\u2019identification erron\u00e9e r\u00e9sulte d\u2019une d\u00e9faillance de notre site.<\/p>\n<p>Propri\u00e9t\u00e9 intellectuelle<\/p>\n<p>La structuration du site ainsi que les textes, graphiques, images, photographies, sons, vid\u00e9os et applications informatiques qui le composent sont notre propri\u00e9t\u00e9. Ils sont prot\u00e9g\u00e9s comme tels par les lois en vigueur au titre de la propri\u00e9t\u00e9 intellectuelle.<\/p>\n<p>Toute repr\u00e9sentation, reproduction, adaptation ou exploitation partielle ou totale des contenus, marques d\u00e9pos\u00e9es et services propos\u00e9s par le site, par quelque proc\u00e9d\u00e9 que ce soit, sans l&rsquo;autorisation pr\u00e9alable, expresse et \u00e9crite de l&rsquo;\u00e9diteur, est strictement interdite et serait susceptible de constituer une contrefa\u00e7on au sens des articles L. 335-2 et suivants du Code de la propri\u00e9t\u00e9 intellectuelle.<\/p>\n<p>L&rsquo;acc\u00e8s au site ne vaut pas reconnaissance d&rsquo;un droit et, de mani\u00e8re g\u00e9n\u00e9rale, ne conf\u00e8re aucun droit de propri\u00e9t\u00e9 intellectuelle relatif \u00e0 un \u00e9l\u00e9ment du site, lesquels restent la propri\u00e9t\u00e9 exclusive de l&rsquo;\u00e9diteur.<\/p>\n<p>Protection des droits d\u2019auteur<\/p>\n<p>Les fichiers num\u00e9riques, leur contenu, ainsi que tous les \u00e9l\u00e9ments reproduits sur le site sont prot\u00e9g\u00e9s par le Code de la Propri\u00e9t\u00e9 Intellectuelle en France et par les l\u00e9gislations \u00e9trang\u00e8res r\u00e9gissant les droits d&rsquo;auteur et droits voisins, le droit des marques, le droit des dessins et mod\u00e8les, le droit des brevets.<\/p>\n<p>\u00c0 ce titre, les \u0153uvres de l&rsquo;esprit qui sont ainsi pr\u00e9sent\u00e9es et propos\u00e9es pour le t\u00e9l\u00e9chargement et l\u2019exploitation sont uniquement destin\u00e9es \u00e0 l\u2019usage pr\u00e9vu dans le cadre de la commande. Toute reproduction, adaptation ou repr\u00e9sentation sous quelque forme et par quelque moyen que ce soit, et notamment la revente, l&rsquo;\u00e9change, le louage ou le transfert \u00e0 un tiers, sont absolument interdits.<\/p>\n<p>Indications en cas de faille de s\u00e9curit\u00e9 d\u00e9cel\u00e9e sur le site<\/p>\n<p>Nous nous engageons \u00e0 mettre en oeuvre toutes les mesures techniques et organisationnelles appropri\u00e9es afin de garantir un niveau de s\u00e9curit\u00e9 adapt\u00e9 au regard des risques d&rsquo;acc\u00e8s accidentels, non autoris\u00e9s ou ill\u00e9gaux, de divulgation, d&rsquo;alt\u00e9ration, de perte ou encore de destruction des donn\u00e9es personnelles vous concernant. Dans l&rsquo;\u00e9ventualit\u00e9 o\u00f9 nous prendrions connaissance d&rsquo;un acc\u00e8s ill\u00e9gal aux donn\u00e9es personnelles vous concernant stock\u00e9es sur nos serveurs ou ceux de nos prestataires, ou d&rsquo;un acc\u00e8s non autoris\u00e9 ayant pour cons\u00e9quence la r\u00e9alisation des risques identifi\u00e9s ci-dessus, nous nous engageons \u00e0 :<\/p>\n<p>\u00a0\u00a0\u00a0 Vous notifier l&rsquo;incident dans les plus brefs d\u00e9lais ;<\/p>\n<p>\u00a0\u00a0\u00a0 Examiner les causes de l&rsquo;incident et vous en informer ;<\/p>\n<p>\u00a0\u00a0\u00a0 Prendre les mesures n\u00e9cessaires dans la limite du raisonnable afin d&rsquo;amoindrir les effets n\u00e9gatifs et pr\u00e9judices pouvant r\u00e9sulter dudit incident<\/p>\n<p>En aucun cas les engagements d\u00e9finis au point ci-dessus relatifs \u00e0 la notification en cas de faille de s\u00e9curit\u00e9 ne peuvent \u00eatre assimil\u00e9s \u00e0 une quelconque reconnaissance de faute ou de responsabilit\u00e9 de notre part quant \u00e0 la survenance de l&rsquo;incident en question.<\/p>\n<p>Transfert des donn\u00e9es personnelles \u00e0 l&rsquo;\u00e9tranger<\/p>\n<p>Nous nous engageons \u00e0 respecter la r\u00e9glementation applicable relative aux transferts des donn\u00e9es vers des pays \u00e9trangers et notamment selon le RGPD qui stipule que les sous-traitants, quel que soit leur nationalit\u00e9, sont soumis aux m\u00eame exigences qu&rsquo;une soci\u00e9t\u00e9 europ\u00e9enne.<\/p>","protected":false},"excerpt":{"rendered":"<p>JEAN PIERRE GARBACZ23 rue Emmanuel Berl19400 ARGENTAT sur DORDOGNE T\u00e9l: 06 08 33 33 87 &#8211; jpg@campingconsulting.fr &#8211; Gestionnaire de campings pendant 20 ans&#8211; Membre du comit\u00e9 de pilotage d\u2019une grande franchise de camping pendant plusieurs ann\u00e9es.&#8211; Pr\u00e9sident de la F\u00e9d\u00e9ration HPA71 pendant 7ans&#8211; Membre du bureau de l\u2019ADT 71 pendant 7 ans Je connais [&hellip;]<\/p>\n","protected":false},"author":1,"featured_media":0,"parent":0,"menu_order":0,"comment_status":"closed","ping_status":"closed","template":"","meta":{"footnotes":""},"class_list":["post-129","page","type-page","status-publish","hentry"],"_links":{"self":[{"href":"https:\/\/campingconsulting.fr\/index.php\/wp-json\/wp\/v2\/pages\/129","targetHints":{"allow":["GET"]}}],"collection":[{"href":"https:\/\/campingconsulting.fr\/index.php\/wp-json\/wp\/v2\/pages"}],"about":[{"href":"https:\/\/campingconsulting.fr\/index.php\/wp-json\/wp\/v2\/types\/page"}],"author":[{"embeddable":true,"href":"https:\/\/campingconsulting.fr\/index.php\/wp-json\/wp\/v2\/users\/1"}],"replies":[{"embeddable":true,"href":"https:\/\/campingconsulting.fr\/index.php\/wp-json\/wp\/v2\/comments?post=129"}],"version-history":[{"count":14,"href":"https:\/\/campingconsulting.fr\/index.php\/wp-json\/wp\/v2\/pages\/129\/revisions"}],"predecessor-version":[{"id":559,"href":"https:\/\/campingconsulting.fr\/index.php\/wp-json\/wp\/v2\/pages\/129\/revisions\/559"}],"wp:attachment":[{"href":"https:\/\/campingconsulting.fr\/index.php\/wp-json\/wp\/v2\/media?parent=129"}],"curies":[{"name":"wp","href":"https:\/\/api.w.org\/{rel}","templated":true}]}}